{"id":628,"date":"2022-07-01T09:32:00","date_gmt":"2022-07-01T09:32:00","guid":{"rendered":"https:\/\/wavemedica.com\/pl\/?page_id=628"},"modified":"2024-06-25T12:24:57","modified_gmt":"2024-06-25T12:24:57","slug":"sitemap","status":"publish","type":"page","link":"https:\/\/wavemedica.com\/pl\/sitemap\/","title":{"rendered":"Sitemap"},"content":{"rendered":"\t\t<div data-elementor-type=\"wp-page\" data-elementor-id=\"628\" class=\"elementor elementor-628\">\n\t\t\t\t\t\t<section class=\"elementor-section elementor-top-section elementor-element elementor-element-5750e2b elementor-section-boxed elementor-section-height-default elementor-section-height-default\" data-id=\"5750e2b\" data-element_type=\"section\" data-settings=\"{&quot;background_background&quot;:&quot;gradient&quot;}\">\n\t\t\t\t\t\t<div class=\"elementor-container elementor-column-gap-default\">\n\t\t\t\t\t<div class=\"elementor-column elementor-col-100 elementor-top-column elementor-element elementor-element-b8d562b\" data-id=\"b8d562b\" data-element_type=\"column\">\n\t\t\t<div class=\"elementor-widget-wrap elementor-element-populated\">\n\t\t\t\t\t\t<div class=\"elementor-element elementor-element-bee85b8 elementor-widget elementor-widget-heading\" data-id=\"bee85b8\" data-element_type=\"widget\" data-widget_type=\"heading.default\">\n\t\t\t\t<div class=\"elementor-widget-container\">\n\t\t\t<style>\/*! elementor - v3.22.0 - 26-06-2024 *\/\n.elementor-heading-title{padding:0;margin:0;line-height:1}.elementor-widget-heading .elementor-heading-title[class*=elementor-size-]>a{color:inherit;font-size:inherit;line-height:inherit}.elementor-widget-heading .elementor-heading-title.elementor-size-small{font-size:15px}.elementor-widget-heading .elementor-heading-title.elementor-size-medium{font-size:19px}.elementor-widget-heading .elementor-heading-title.elementor-size-large{font-size:29px}.elementor-widget-heading .elementor-heading-title.elementor-size-xl{font-size:39px}.elementor-widget-heading .elementor-heading-title.elementor-size-xxl{font-size:59px}<\/style><h1 class=\"elementor-heading-title elementor-size-default\">Sitemap<\/h1>\t\t<\/div>\n\t\t\t\t<\/div>\n\t\t\t\t\t<\/div>\n\t\t<\/div>\n\t\t\t\t\t<\/div>\n\t\t<\/section>\n\t\t\t\t<section class=\"elementor-section elementor-top-section elementor-element elementor-element-ff49c3d elementor-section-boxed elementor-section-height-default elementor-section-height-default\" data-id=\"ff49c3d\" data-element_type=\"section\">\n\t\t\t\t\t\t<div class=\"elementor-container elementor-column-gap-default\">\n\t\t\t\t\t<div class=\"elementor-column elementor-col-100 elementor-top-column elementor-element elementor-element-39867b2\" data-id=\"39867b2\" data-element_type=\"column\">\n\t\t\t<div class=\"elementor-widget-wrap elementor-element-populated\">\n\t\t\t\t\t\t<div class=\"elementor-element elementor-element-bd82a13 elementor-widget elementor-widget-sitemap\" data-id=\"bd82a13\" data-element_type=\"widget\" data-widget_type=\"sitemap.default\">\n\t\t\t\t<div class=\"elementor-widget-container\">\n\t\t\t<link rel=\"stylesheet\" href=\"https:\/\/wavemedica.com\/pl\/wp-content\/plugins\/elementor-pro\/assets\/css\/widget-theme-elements.min.css\"><div class=\"elementor-sitemap-wrap\"><div class=\"elementor-sitemap-section\"><h4 class=\"elementor-sitemap-title elementor-sitemap-page-title\">Pages<\/h4><ul class=\"elementor-sitemap-list elementor-sitemap-page-list\"><li class=\"elementor-sitemap-item elementor-sitemap-item-page page_item page-item-628 menu-item\"><a href=\"https:\/\/wavemedica.com\/pl\/sitemap\/\" class=\"elementor-sitemap-item elementor-sitemap-item-page menu-link\">Sitemap<\/a><\/li><li class=\"elementor-sitemap-item elementor-sitemap-item-page page_item page-item-1563 menu-item\"><a href=\"https:\/\/wavemedica.com\/pl\/bezplatna-konsultacje\/\" class=\"elementor-sitemap-item elementor-sitemap-item-page menu-link\">Zarezerwuj bezp\u0142atn\u0105 konsultacj\u0119 | WaveMedica<\/a><\/li><li class=\"elementor-sitemap-item elementor-sitemap-item-page page_item page-item-25 menu-item\"><a href=\"https:\/\/wavemedica.com\/pl\/fue-hair-transplant-turkey\/\" class=\"elementor-sitemap-item elementor-sitemap-item-page menu-link\">Przeszczep w\u0142os\u00f3w metod\u0105 FUE<\/a><\/li><li class=\"elementor-sitemap-item elementor-sitemap-item-page page_item page-item-27 menu-item\"><a href=\"https:\/\/wavemedica.com\/pl\/przeszczep-wlosow-sapphire\/\" class=\"elementor-sitemap-item elementor-sitemap-item-page menu-link\">Przeszczep w\u0142os\u00f3w Sapphire<\/a><\/li><li class=\"elementor-sitemap-item elementor-sitemap-item-page page_item page-item-29 menu-item\"><a href=\"https:\/\/wavemedica.com\/pl\/dhi-przeszczepy-wlosow-turcja\/\" class=\"elementor-sitemap-item elementor-sitemap-item-page menu-link\">DHI Przeszczepy W\u0142os\u00f3w Turcja<\/a><\/li><li class=\"elementor-sitemap-item elementor-sitemap-item-page page_item page-item-32 menu-item\"><a href=\"https:\/\/wavemedica.com\/pl\/przeszczep-brody-turcja\/\" class=\"elementor-sitemap-item elementor-sitemap-item-page menu-link\">Przeszczep Brody Turcja<\/a><\/li><li class=\"elementor-sitemap-item elementor-sitemap-item-page page_item page-item-35 menu-item\"><a href=\"https:\/\/wavemedica.com\/pl\/manuel-fue-przeszczepy-wlosow-turcja\/\" class=\"elementor-sitemap-item elementor-sitemap-item-page menu-link\">Manuel Fue Przeszczep W\u0142os\u00f3w<\/a><\/li><li class=\"elementor-sitemap-item elementor-sitemap-item-page page_item page-item-40 menu-item\"><a href=\"https:\/\/wavemedica.com\/pl\/przeszczep-brwi-turcja\/\" class=\"elementor-sitemap-item elementor-sitemap-item-page menu-link\">Przeszczep Brwi<\/a><\/li><li class=\"elementor-sitemap-item elementor-sitemap-item-page page_item page-item-43 menu-item\"><a href=\"https:\/\/wavemedica.com\/pl\/afro-przeszczepy-wlosow-turcja\/\" class=\"elementor-sitemap-item elementor-sitemap-item-page menu-link\">Przeszczep w\u0142os\u00f3w afro<\/a><\/li><li class=\"elementor-sitemap-item elementor-sitemap-item-page page_item page-item-46 menu-item\"><a href=\"https:\/\/wavemedica.com\/pl\/przeszczep-wlosow-u-kobiet\/\" class=\"elementor-sitemap-item elementor-sitemap-item-page menu-link\">Przeszczep W\u0142os\u00f3w u Kobiet<\/a><\/li><li class=\"elementor-sitemap-item elementor-sitemap-item-page page_item page-item-52 menu-item\"><a href=\"https:\/\/wavemedica.com\/pl\/blog\/\" class=\"elementor-sitemap-item elementor-sitemap-item-page menu-link\">Blog<\/a><\/li><li class=\"elementor-sitemap-item elementor-sitemap-item-page page_item page-item-54 menu-item\"><a href=\"https:\/\/wavemedica.com\/pl\/skontaktuj-sie-z-nami\/\" class=\"elementor-sitemap-item elementor-sitemap-item-page menu-link\">Skontaktuj si\u0119 z nami<\/a><\/li><li class=\"elementor-sitemap-item elementor-sitemap-item-page page_item page-item-2958 menu-item\"><a href=\"https:\/\/wavemedica.com\/pl\/privacy-cookie-policy\/\" class=\"elementor-sitemap-item elementor-sitemap-item-page menu-link\">Polityka prywatno\u015bci<\/a><\/li><li class=\"elementor-sitemap-item elementor-sitemap-item-page page_item page-item-3226 menu-item\"><a href=\"https:\/\/wavemedica.com\/pl\/\" class=\"elementor-sitemap-item elementor-sitemap-item-page menu-link\">Przeszczep W\u0142os\u00f3w w Turcji | Najlepsza Agencja &#8211; WaveMedica<\/a><\/li><li class=\"elementor-sitemap-item elementor-sitemap-item-page page_item page-item-3506 menu-item\"><a href=\"https:\/\/wavemedica.com\/pl\/cennik\/\" class=\"elementor-sitemap-item elementor-sitemap-item-page menu-link\">Ceny naszych pakiet\u00f3w all inclusive | WaveMedica<\/a><\/li><li class=\"elementor-sitemap-item elementor-sitemap-item-page page_item page-item-3917 menu-item\"><a href=\"https:\/\/wavemedica.com\/pl\/techniki\/\" class=\"elementor-sitemap-item elementor-sitemap-item-page menu-link\">Techniki<\/a><\/li><li class=\"elementor-sitemap-item elementor-sitemap-item-page page_item page-item-4907 menu-item\"><a href=\"https:\/\/wavemedica.com\/pl\/barberzy-partnerscy-wavemedica\/\" class=\"elementor-sitemap-item elementor-sitemap-item-page menu-link\">Barberzy Partnerscy | WaveMedica<\/a><\/li><\/ul><\/div><div class=\"elementor-sitemap-section\"><h4 class=\"elementor-sitemap-title elementor-sitemap-post-title\">Categories<\/h4><ul class=\"elementor-sitemap-list elementor-sitemap-post-list\"><li class=\"elementor-sitemap-item elementor-sitemap-item-post page_item page-item-2320 menu-item\"><a href=\"https:\/\/wavemedica.com\/pl\/more-about-dhi-hair-transplant-turkey\/\" class=\"elementor-sitemap-item elementor-sitemap-item-post menu-link\">Przeszczep w\u0142os\u00f3w DHI to nowa normalno\u015b\u0107: Dowiedz si\u0119 wi\u0119cej<\/a><\/li><li class=\"elementor-sitemap-item elementor-sitemap-item-post page_item page-item-3019 menu-item\"><a href=\"https:\/\/wavemedica.com\/pl\/what-are-the-proven-hair-loss-treatments\/\" class=\"elementor-sitemap-item elementor-sitemap-item-post menu-link\">Jakie s\u0105 sprawdzone metody leczenia wypadania w\u0142os\u00f3w?<\/a><\/li><li class=\"elementor-sitemap-item elementor-sitemap-item-post page_item page-item-728 menu-item\"><a href=\"https:\/\/wavemedica.com\/pl\/how-to-know-if-a-hair-transplant-is-right-for-you\/\" class=\"elementor-sitemap-item elementor-sitemap-item-post menu-link\">Jak sprawdzi\u0107, czy przeszczep w\u0142os\u00f3w jest dla Ciebie odpowiedni?<\/a><\/li><li class=\"elementor-sitemap-item elementor-sitemap-item-post page_item page-item-697 menu-item\"><a href=\"https:\/\/wavemedica.com\/pl\/how-to-care-for-your-new-hairline-after-a-hair-transplant\/\" class=\"elementor-sitemap-item elementor-sitemap-item-post menu-link\">Jak dba\u0107 o now\u0105 lini\u0119 w\u0142os\u00f3w po przeszczepie w\u0142os\u00f3w?<\/a><\/li><li class=\"elementor-sitemap-item elementor-sitemap-item-post page_item page-item-3165 menu-item\"><a href=\"https:\/\/wavemedica.com\/pl\/does-your-diet-affect-hair-loss\/\" class=\"elementor-sitemap-item elementor-sitemap-item-post menu-link\">Czy dieta wp\u0142ywa na wypadanie w\u0142os\u00f3w?<\/a><\/li><li class=\"elementor-sitemap-item elementor-sitemap-item-post page_item page-item-3103 menu-item\"><a href=\"https:\/\/wavemedica.com\/pl\/hair-loss-and-emotional-distress-make-changes-today\/\" class=\"elementor-sitemap-item elementor-sitemap-item-post menu-link\">Wypadanie w\u0142os\u00f3w i stres emocjonalny &#8211; wprowad\u017a zmiany ju\u017c dzi\u015b<\/a><\/li><li class=\"elementor-sitemap-item elementor-sitemap-item-post page_item page-item-3093 menu-item\"><a href=\"https:\/\/wavemedica.com\/pl\/are-there-natural-ways-to-help-hair-loss\/\" class=\"elementor-sitemap-item elementor-sitemap-item-post menu-link\">Czy istniej\u0105 naturalne sposoby na wypadanie w\u0142os\u00f3w?<\/a><\/li><li class=\"elementor-sitemap-item elementor-sitemap-item-post page_item page-item-3050 menu-item\"><a href=\"https:\/\/wavemedica.com\/pl\/can-you-slow-down-hair-loss\/\" class=\"elementor-sitemap-item elementor-sitemap-item-post menu-link\">Czy mo\u017cna spowolni\u0107 wypadanie w\u0142os\u00f3w?<\/a><\/li><li class=\"elementor-sitemap-item elementor-sitemap-item-post page_item page-item-3035 menu-item\"><a href=\"https:\/\/wavemedica.com\/pl\/5-celebrities-who-have-had-hair-transplants\/\" class=\"elementor-sitemap-item elementor-sitemap-item-post menu-link\">5 gwiazd, kt\u00f3rym przeszczepiono w\u0142osy<\/a><\/li><li class=\"elementor-sitemap-item elementor-sitemap-item-post page_item page-item-3028 menu-item\"><a href=\"https:\/\/wavemedica.com\/pl\/what-is-the-best-age-for-hair-transplants\/\" class=\"elementor-sitemap-item elementor-sitemap-item-post menu-link\">Jaki jest najlepszy wiek na przeszczep w\u0142os\u00f3w?<\/a><\/li><li class=\"elementor-sitemap-item elementor-sitemap-item-post page_item page-item-3014 menu-item\"><a href=\"https:\/\/wavemedica.com\/pl\/why-choose-turkey-for-hair-transplants\/\" class=\"elementor-sitemap-item elementor-sitemap-item-post menu-link\">Dlaczego warto wybra\u0107 Turcj\u0119 do transplantacji w\u0142os\u00f3w?<\/a><\/li><li class=\"elementor-sitemap-item elementor-sitemap-item-post page_item page-item-3007 menu-item\"><a href=\"https:\/\/wavemedica.com\/pl\/how-much-hair-loss-is-normal-for-a-daily-basis\/\" class=\"elementor-sitemap-item elementor-sitemap-item-post menu-link\">Jak du\u017ca utrata w\u0142os\u00f3w jest normalna na co dzie\u0144?<\/a><\/li><li class=\"elementor-sitemap-item elementor-sitemap-item-post page_item page-item-2384 menu-item\"><a href=\"https:\/\/wavemedica.com\/pl\/does-the-hair-transplant-actually-work\/\" class=\"elementor-sitemap-item elementor-sitemap-item-post menu-link\">Czy przeszczep w\u0142os\u00f3w faktycznie dzia\u0142a?<\/a><\/li><li class=\"elementor-sitemap-item elementor-sitemap-item-post page_item page-item-2378 menu-item\"><a href=\"https:\/\/wavemedica.com\/pl\/seven-vitamin-deficiencies-which-cause-hair-loss\/\" class=\"elementor-sitemap-item elementor-sitemap-item-post menu-link\">Siedem niedobor\u00f3w witamin powoduj\u0105cych wypadanie w\u0142os\u00f3w<\/a><\/li><li class=\"elementor-sitemap-item elementor-sitemap-item-post page_item page-item-650 menu-item\"><a href=\"https:\/\/wavemedica.com\/pl\/10-simple-steps-to-recovery-after-your-hair-transplant-procedure\/\" class=\"elementor-sitemap-item elementor-sitemap-item-post menu-link\">10 prostych krok\u00f3w do powrotu do zdrowia po zabiegu przeszczepu w\u0142os\u00f3w<\/a><\/li><\/ul><\/div><\/div>\t\t<\/div>\n\t\t\t\t<\/div>\n\t\t\t\t\t<\/div>\n\t\t<\/div>\n\t\t\t\t\t<\/div>\n\t\t<\/section>\n\t\t\t\t<\/div>\n\t\t","protected":false},"excerpt":{"rendered":"<p>Sitemap<\/p>\n","protected":false},"author":2,"featured_media":0,"parent":0,"menu_order":0,"comment_status":"closed","ping_status":"closed","template":"","meta":{"site-sidebar-layout":"no-sidebar","site-content-layout":"page-builder","ast-site-content-layout":"","site-content-style":"default","site-sidebar-style":"default","ast-global-header-display":"","ast-banner-title-visibility":"","ast-main-header-display":"","ast-hfb-above-header-display":"","ast-hfb-below-header-display":"","ast-hfb-mobile-header-display":"","site-post-title":"disabled","ast-breadcrumbs-content":"disabled","ast-featured-img":"disabled","footer-sml-layout":"","theme-transparent-header-meta":"default","adv-header-id-meta":"","stick-header-meta":"default","header-above-stick-meta":"","header-main-stick-meta":"","header-below-stick-meta":"","astra-migrate-meta-layouts":"default","ast-page-background-enabled":"default","ast-page-background-meta":{"desktop":{"background-color":"var(--ast-global-color-4)","background-image":"","background-repeat":"repeat","background-position":"center center","background-size":"auto","background-attachment":"scroll","background-type":"","background-media":"","overlay-type":"","overlay-color":"","overlay-opacity":"","overlay-gradient":""},"tablet":{"background-color":"","background-image":"","background-repeat":"repeat","background-position":"center center","background-size":"auto","background-attachment":"scroll","background-type":"","background-media":"","overlay-type":"","overlay-color":"","overlay-opacity":"","overlay-gradient":""},"mobile":{"background-color":"","background-image":"","background-repeat":"repeat","background-position":"center center","background-size":"auto","background-attachment":"scroll","background-type":"","background-media":"","overlay-type":"","overlay-color":"","overlay-opacity":"","overlay-gradient":""}},"ast-content-background-meta":{"desktop":{"background-color":"var(--ast-global-color-5)","background-image":"","background-repeat":"repeat","background-position":"center center","background-size":"auto","background-attachment":"scroll","background-type":"","background-media":"","overlay-type":"","overlay-color":"","overlay-opacity":"","overlay-gradient":""},"tablet":{"background-color":"var(--ast-global-color-5)","background-image":"","background-repeat":"repeat","background-position":"center center","background-size":"auto","background-attachment":"scroll","background-type":"","background-media":"","overlay-type":"","overlay-color":"","overlay-opacity":"","overlay-gradient":""},"mobile":{"background-color":"var(--ast-global-color-5)","background-image":"","background-repeat":"repeat","background-position":"center center","background-size":"auto","background-attachment":"scroll","background-type":"","background-media":"","overlay-type":"","overlay-color":"","overlay-opacity":"","overlay-gradient":""}},"footnotes":""},"class_list":["post-628","page","type-page","status-publish","hentry"],"yoast_head":"<!-- This site is optimized with the Yoast SEO plugin v27.3 - https:\/\/yoast.com\/product\/yoast-seo-wordpress\/ -->\n<title>Sitemap - WaveMedica | Hair Transplants Turkey<\/title>\n<meta name=\"description\" content=\"Site Structre\" \/>\n<meta name=\"robots\" content=\"index, follow, max-snippet:-1, max-image-preview:large, max-video-preview:-1\" \/>\n<link rel=\"canonical\" href=\"https:\/\/wavemedica.com\/pl\/sitemap\/\" \/>\n<meta property=\"og:locale\" content=\"pl_PL\" \/>\n<meta property=\"og:type\" content=\"article\" \/>\n<meta property=\"og:title\" content=\"Sitemap - WaveMedica | Hair Transplants Turkey\" \/>\n<meta property=\"og:description\" content=\"Site Structre\" \/>\n<meta property=\"og:url\" content=\"https:\/\/wavemedica.com\/pl\/sitemap\/\" \/>\n<meta property=\"og:site_name\" content=\"WaveMedica | Hair Transplants Turkey\" \/>\n<meta property=\"article:modified_time\" content=\"2024-06-25T12:24:57+00:00\" \/>\n<meta name=\"twitter:card\" content=\"summary_large_image\" \/>\n<meta name=\"twitter:label1\" content=\"Szacowany czas czytania\" \/>\n\t<meta name=\"twitter:data1\" content=\"1 minuta\" \/>\n<script type=\"application\/ld+json\" class=\"yoast-schema-graph\">{\"@context\":\"https:\\\/\\\/schema.org\",\"@graph\":[{\"@type\":\"WebPage\",\"@id\":\"https:\\\/\\\/wavemedica.com\\\/pl\\\/sitemap\\\/\",\"url\":\"https:\\\/\\\/wavemedica.com\\\/pl\\\/sitemap\\\/\",\"name\":\"Sitemap - WaveMedica | Hair Transplants Turkey\",\"isPartOf\":{\"@id\":\"https:\\\/\\\/wavemedica.com\\\/pl\\\/#website\"},\"datePublished\":\"2022-07-01T09:32:00+00:00\",\"dateModified\":\"2024-06-25T12:24:57+00:00\",\"description\":\"Site Structre\",\"breadcrumb\":{\"@id\":\"https:\\\/\\\/wavemedica.com\\\/pl\\\/sitemap\\\/#breadcrumb\"},\"inLanguage\":\"pl-PL\",\"potentialAction\":[{\"@type\":\"ReadAction\",\"target\":[\"https:\\\/\\\/wavemedica.com\\\/pl\\\/sitemap\\\/\"]}]},{\"@type\":\"BreadcrumbList\",\"@id\":\"https:\\\/\\\/wavemedica.com\\\/pl\\\/sitemap\\\/#breadcrumb\",\"itemListElement\":[{\"@type\":\"ListItem\",\"position\":1,\"name\":\"Home\",\"item\":\"https:\\\/\\\/wavemedica.com\\\/pl\\\/\"},{\"@type\":\"ListItem\",\"position\":2,\"name\":\"Sitemap\"}]},{\"@type\":\"WebSite\",\"@id\":\"https:\\\/\\\/wavemedica.com\\\/pl\\\/#website\",\"url\":\"https:\\\/\\\/wavemedica.com\\\/pl\\\/\",\"name\":\"WaveMedica | Hair Transplants Turkey\",\"description\":\"Best hair transplant services in Turkey\",\"publisher\":{\"@id\":\"https:\\\/\\\/wavemedica.com\\\/pl\\\/#organization\"},\"potentialAction\":[{\"@type\":\"SearchAction\",\"target\":{\"@type\":\"EntryPoint\",\"urlTemplate\":\"https:\\\/\\\/wavemedica.com\\\/pl\\\/?s={search_term_string}\"},\"query-input\":{\"@type\":\"PropertyValueSpecification\",\"valueRequired\":true,\"valueName\":\"search_term_string\"}}],\"inLanguage\":\"pl-PL\"},{\"@type\":\"Organization\",\"@id\":\"https:\\\/\\\/wavemedica.com\\\/pl\\\/#organization\",\"name\":\"WaveMedica Hair Transplant Turkey\",\"url\":\"https:\\\/\\\/wavemedica.com\\\/pl\\\/\",\"logo\":{\"@type\":\"ImageObject\",\"inLanguage\":\"pl-PL\",\"@id\":\"https:\\\/\\\/wavemedica.com\\\/pl\\\/#\\\/schema\\\/logo\\\/image\\\/\",\"url\":\"https:\\\/\\\/wavemedica.com\\\/pl\\\/wp-content\\\/uploads\\\/2022\\\/11\\\/WaveMedica-Hair-Transplant-Specialists-logo.png\",\"contentUrl\":\"https:\\\/\\\/wavemedica.com\\\/pl\\\/wp-content\\\/uploads\\\/2022\\\/11\\\/WaveMedica-Hair-Transplant-Specialists-logo.png\",\"width\":5000,\"height\":2708,\"caption\":\"WaveMedica Hair Transplant Turkey\"},\"image\":{\"@id\":\"https:\\\/\\\/wavemedica.com\\\/pl\\\/#\\\/schema\\\/logo\\\/image\\\/\"}}]}<\/script>\n<!-- \/ Yoast SEO plugin. -->","yoast_head_json":{"title":"Sitemap - WaveMedica | Hair Transplants Turkey","description":"Site Structre","robots":{"index":"index","follow":"follow","max-snippet":"max-snippet:-1","max-image-preview":"max-image-preview:large","max-video-preview":"max-video-preview:-1"},"canonical":"https:\/\/wavemedica.com\/pl\/sitemap\/","og_locale":"pl_PL","og_type":"article","og_title":"Sitemap - WaveMedica | Hair Transplants Turkey","og_description":"Site Structre","og_url":"https:\/\/wavemedica.com\/pl\/sitemap\/","og_site_name":"WaveMedica | Hair Transplants Turkey","article_modified_time":"2024-06-25T12:24:57+00:00","twitter_card":"summary_large_image","twitter_misc":{"Szacowany czas czytania":"1 minuta"},"schema":{"@context":"https:\/\/schema.org","@graph":[{"@type":"WebPage","@id":"https:\/\/wavemedica.com\/pl\/sitemap\/","url":"https:\/\/wavemedica.com\/pl\/sitemap\/","name":"Sitemap - WaveMedica | Hair Transplants Turkey","isPartOf":{"@id":"https:\/\/wavemedica.com\/pl\/#website"},"datePublished":"2022-07-01T09:32:00+00:00","dateModified":"2024-06-25T12:24:57+00:00","description":"Site Structre","breadcrumb":{"@id":"https:\/\/wavemedica.com\/pl\/sitemap\/#breadcrumb"},"inLanguage":"pl-PL","potentialAction":[{"@type":"ReadAction","target":["https:\/\/wavemedica.com\/pl\/sitemap\/"]}]},{"@type":"BreadcrumbList","@id":"https:\/\/wavemedica.com\/pl\/sitemap\/#breadcrumb","itemListElement":[{"@type":"ListItem","position":1,"name":"Home","item":"https:\/\/wavemedica.com\/pl\/"},{"@type":"ListItem","position":2,"name":"Sitemap"}]},{"@type":"WebSite","@id":"https:\/\/wavemedica.com\/pl\/#website","url":"https:\/\/wavemedica.com\/pl\/","name":"WaveMedica | Hair Transplants Turkey","description":"Best hair transplant services in Turkey","publisher":{"@id":"https:\/\/wavemedica.com\/pl\/#organization"},"potentialAction":[{"@type":"SearchAction","target":{"@type":"EntryPoint","urlTemplate":"https:\/\/wavemedica.com\/pl\/?s={search_term_string}"},"query-input":{"@type":"PropertyValueSpecification","valueRequired":true,"valueName":"search_term_string"}}],"inLanguage":"pl-PL"},{"@type":"Organization","@id":"https:\/\/wavemedica.com\/pl\/#organization","name":"WaveMedica Hair Transplant Turkey","url":"https:\/\/wavemedica.com\/pl\/","logo":{"@type":"ImageObject","inLanguage":"pl-PL","@id":"https:\/\/wavemedica.com\/pl\/#\/schema\/logo\/image\/","url":"https:\/\/wavemedica.com\/pl\/wp-content\/uploads\/2022\/11\/WaveMedica-Hair-Transplant-Specialists-logo.png","contentUrl":"https:\/\/wavemedica.com\/pl\/wp-content\/uploads\/2022\/11\/WaveMedica-Hair-Transplant-Specialists-logo.png","width":5000,"height":2708,"caption":"WaveMedica Hair Transplant Turkey"},"image":{"@id":"https:\/\/wavemedica.com\/pl\/#\/schema\/logo\/image\/"}}]}},"_links":{"self":[{"href":"https:\/\/wavemedica.com\/pl\/wp-json\/wp\/v2\/pages\/628","targetHints":{"allow":["GET"]}}],"collection":[{"href":"https:\/\/wavemedica.com\/pl\/wp-json\/wp\/v2\/pages"}],"about":[{"href":"https:\/\/wavemedica.com\/pl\/wp-json\/wp\/v2\/types\/page"}],"author":[{"embeddable":true,"href":"https:\/\/wavemedica.com\/pl\/wp-json\/wp\/v2\/users\/2"}],"replies":[{"embeddable":true,"href":"https:\/\/wavemedica.com\/pl\/wp-json\/wp\/v2\/comments?post=628"}],"version-history":[{"count":10,"href":"https:\/\/wavemedica.com\/pl\/wp-json\/wp\/v2\/pages\/628\/revisions"}],"predecessor-version":[{"id":4458,"href":"https:\/\/wavemedica.com\/pl\/wp-json\/wp\/v2\/pages\/628\/revisions\/4458"}],"wp:attachment":[{"href":"https:\/\/wavemedica.com\/pl\/wp-json\/wp\/v2\/media?parent=628"}],"curies":[{"name":"wp","href":"https:\/\/api.w.org\/{rel}","templated":true}]}}