{"id":1563,"date":"2022-07-01T13:51:20","date_gmt":"2022-07-01T13:51:20","guid":{"rendered":"https:\/\/wavemedica.com\/pl\/?page_id=1563"},"modified":"2024-08-19T15:19:38","modified_gmt":"2024-08-19T15:19:38","slug":"bezplatna-konsultacje","status":"publish","type":"page","link":"https:\/\/wavemedica.com\/pl\/bezplatna-konsultacje\/","title":{"rendered":"Zarezerwuj bezp\u0142atn\u0105 konsultacj\u0119 | WaveMedica"},"content":{"rendered":"\t\t<div data-elementor-type=\"wp-page\" data-elementor-id=\"1563\" class=\"elementor elementor-1563\">\n\t\t\t\t\t\t<section class=\"elementor-section elementor-top-section elementor-element elementor-element-3f744a2 elementor-section-boxed elementor-section-height-default elementor-section-height-default\" data-id=\"3f744a2\" data-element_type=\"section\" data-settings=\"{&quot;background_background&quot;:&quot;classic&quot;}\">\n\t\t\t\t\t\t<div class=\"elementor-container elementor-column-gap-default\">\n\t\t\t\t\t<div class=\"elementor-column elementor-col-100 elementor-top-column elementor-element elementor-element-d0258db\" data-id=\"d0258db\" data-element_type=\"column\">\n\t\t\t<div class=\"elementor-widget-wrap elementor-element-populated\">\n\t\t\t\t\t\t<div class=\"elementor-element elementor-element-13f3969 elementor-widget elementor-widget-heading\" data-id=\"13f3969\" data-element_type=\"widget\" data-widget_type=\"heading.default\">\n\t\t\t\t<div class=\"elementor-widget-container\">\n\t\t\t<style>\/*! elementor - v3.22.0 - 26-06-2024 *\/\n.elementor-heading-title{padding:0;margin:0;line-height:1}.elementor-widget-heading .elementor-heading-title[class*=elementor-size-]>a{color:inherit;font-size:inherit;line-height:inherit}.elementor-widget-heading .elementor-heading-title.elementor-size-small{font-size:15px}.elementor-widget-heading .elementor-heading-title.elementor-size-medium{font-size:19px}.elementor-widget-heading .elementor-heading-title.elementor-size-large{font-size:29px}.elementor-widget-heading .elementor-heading-title.elementor-size-xl{font-size:39px}.elementor-widget-heading .elementor-heading-title.elementor-size-xxl{font-size:59px}<\/style><h1 class=\"elementor-heading-title elementor-size-default\">Um\u00f3w si\u0119 na bezp\u0142atn\u0105 konsultacj\u0119<\/h1>\t\t<\/div>\n\t\t\t\t<\/div>\n\t\t\t\t\t<\/div>\n\t\t<\/div>\n\t\t\t\t\t<\/div>\n\t\t<\/section>\n\t\t\t\t<section class=\"elementor-section elementor-top-section elementor-element elementor-element-2c95119 elementor-section-boxed elementor-section-height-default elementor-section-height-default\" data-id=\"2c95119\" data-element_type=\"section\" data-settings=\"{&quot;background_background&quot;:&quot;classic&quot;}\">\n\t\t\t\t\t\t<div class=\"elementor-container elementor-column-gap-default\">\n\t\t\t\t\t<div class=\"elementor-column elementor-col-100 elementor-top-column elementor-element elementor-element-c9d3778\" data-id=\"c9d3778\" data-element_type=\"column\">\n\t\t\t<div class=\"elementor-widget-wrap elementor-element-populated\">\n\t\t\t\t\t\t<div class=\"elementor-element elementor-element-47bb6b6 elementor-widget elementor-widget-html\" data-id=\"47bb6b6\" data-element_type=\"widget\" data-widget_type=\"html.default\">\n\t\t\t\t<div class=\"elementor-widget-container\">\n\t\t\t<!-- Calendly inline widget begin -->\n<div class=\"calendly-inline-widget\" data-url=\"https:\/\/calendly.com\/waveclinic\/30min\" style=\"min-width:100%;height:1000px;\"><\/div>\n<script type=\"text\/javascript\" src=\"https:\/\/assets.calendly.com\/assets\/external\/widget.js\" async><\/script>\n<!-- Calendly inline widget end -->\t\t<\/div>\n\t\t\t\t<\/div>\n\t\t\t\t\t<\/div>\n\t\t<\/div>\n\t\t\t\t\t<\/div>\n\t\t<\/section>\n\t\t\t\t<\/div>\n\t\t","protected":false},"excerpt":{"rendered":"<p>Um\u00f3w si\u0119 na bezp\u0142atn\u0105 konsultacj\u0119<\/p>\n","protected":false},"author":2,"featured_media":0,"parent":0,"menu_order":0,"comment_status":"closed","ping_status":"closed","template":"","meta":{"site-sidebar-layout":"no-sidebar","site-content-layout":"page-builder","ast-site-content-layout":"full-width-container","site-content-style":"unboxed","site-sidebar-style":"unboxed","ast-global-header-display":"","ast-banner-title-visibility":"","ast-main-header-display":"","ast-hfb-above-header-display":"","ast-hfb-below-header-display":"","ast-hfb-mobile-header-display":"","site-post-title":"disabled","ast-breadcrumbs-content":"disabled","ast-featured-img":"disabled","footer-sml-layout":"","theme-transparent-header-meta":"default","adv-header-id-meta":"","stick-header-meta":"default","header-above-stick-meta":"","header-main-stick-meta":"","header-below-stick-meta":"","astra-migrate-meta-layouts":"set","ast-page-background-enabled":"default","ast-page-background-meta":{"desktop":{"background-color":"var(--ast-global-color-4)","background-image":"","background-repeat":"repeat","background-position":"center center","background-size":"auto","background-attachment":"scroll","background-type":"","background-media":"","overlay-type":"","overlay-color":"","overlay-opacity":"","overlay-gradient":""},"tablet":{"background-color":"","background-image":"","background-repeat":"repeat","background-position":"center center","background-size":"auto","background-attachment":"scroll","background-type":"","background-media":"","overlay-type":"","overlay-color":"","overlay-opacity":"","overlay-gradient":""},"mobile":{"background-color":"","background-image":"","background-repeat":"repeat","background-position":"center center","background-size":"auto","background-attachment":"scroll","background-type":"","background-media":"","overlay-type":"","overlay-color":"","overlay-opacity":"","overlay-gradient":""}},"ast-content-background-meta":{"desktop":{"background-color":"var(--ast-global-color-5)","background-image":"","background-repeat":"repeat","background-position":"center center","background-size":"auto","background-attachment":"scroll","background-type":"","background-media":"","overlay-type":"","overlay-color":"","overlay-opacity":"","overlay-gradient":""},"tablet":{"background-color":"var(--ast-global-color-5)","background-image":"","background-repeat":"repeat","background-position":"center center","background-size":"auto","background-attachment":"scroll","background-type":"","background-media":"","overlay-type":"","overlay-color":"","overlay-opacity":"","overlay-gradient":""},"mobile":{"background-color":"var(--ast-global-color-5)","background-image":"","background-repeat":"repeat","background-position":"center center","background-size":"auto","background-attachment":"scroll","background-type":"","background-media":"","overlay-type":"","overlay-color":"","overlay-opacity":"","overlay-gradient":""}},"footnotes":""},"class_list":["post-1563","page","type-page","status-publish","hentry"],"yoast_head":"<!-- This site is optimized with the Yoast SEO plugin v27.3 - https:\/\/yoast.com\/product\/yoast-seo-wordpress\/ -->\n<title>Zarezerwuj bezp\u0142atn\u0105 konsultacj\u0119 | WaveMedica<\/title>\n<meta name=\"description\" content=\"Zarezerwuj bezp\u0142atn\u0105 konsultacj\u0119 z jednym z naszych najlepszych konsultant\u00f3w medycznych. Uzyskaj najlepsz\u0105 porad\u0119 i bezp\u0142atn\u0105 ocen\u0119 swoich w\u0142os\u00f3w.\" \/>\n<meta name=\"robots\" content=\"index, follow, max-snippet:-1, max-image-preview:large, max-video-preview:-1\" \/>\n<link rel=\"canonical\" href=\"https:\/\/wavemedica.com\/pl\/bezplatna-konsultacje\/\" \/>\n<meta property=\"og:locale\" content=\"pl_PL\" \/>\n<meta property=\"og:type\" content=\"article\" \/>\n<meta property=\"og:title\" content=\"Zarezerwuj bezp\u0142atn\u0105 konsultacj\u0119 | WaveMedica\" \/>\n<meta property=\"og:description\" content=\"Zarezerwuj bezp\u0142atn\u0105 konsultacj\u0119 z jednym z naszych najlepszych konsultant\u00f3w medycznych. Uzyskaj najlepsz\u0105 porad\u0119 i bezp\u0142atn\u0105 ocen\u0119 swoich w\u0142os\u00f3w.\" \/>\n<meta property=\"og:url\" content=\"https:\/\/wavemedica.com\/pl\/bezplatna-konsultacje\/\" \/>\n<meta property=\"og:site_name\" content=\"WaveMedica | Hair Transplants Turkey\" \/>\n<meta property=\"article:modified_time\" content=\"2024-08-19T15:19:38+00:00\" \/>\n<meta name=\"twitter:card\" content=\"summary_large_image\" \/>\n<meta name=\"twitter:label1\" content=\"Szacowany czas czytania\" \/>\n\t<meta name=\"twitter:data1\" content=\"1 minuta\" \/>\n<script type=\"application\/ld+json\" class=\"yoast-schema-graph\">{\"@context\":\"https:\\\/\\\/schema.org\",\"@graph\":[{\"@type\":\"WebPage\",\"@id\":\"https:\\\/\\\/wavemedica.com\\\/pl\\\/bezplatna-konsultacje\\\/\",\"url\":\"https:\\\/\\\/wavemedica.com\\\/pl\\\/bezplatna-konsultacje\\\/\",\"name\":\"Zarezerwuj bezp\u0142atn\u0105 konsultacj\u0119 | WaveMedica\",\"isPartOf\":{\"@id\":\"https:\\\/\\\/wavemedica.com\\\/pl\\\/#website\"},\"datePublished\":\"2022-07-01T13:51:20+00:00\",\"dateModified\":\"2024-08-19T15:19:38+00:00\",\"description\":\"Zarezerwuj bezp\u0142atn\u0105 konsultacj\u0119 z jednym z naszych najlepszych konsultant\u00f3w medycznych. Uzyskaj najlepsz\u0105 porad\u0119 i bezp\u0142atn\u0105 ocen\u0119 swoich w\u0142os\u00f3w.\",\"breadcrumb\":{\"@id\":\"https:\\\/\\\/wavemedica.com\\\/pl\\\/bezplatna-konsultacje\\\/#breadcrumb\"},\"inLanguage\":\"pl-PL\",\"potentialAction\":[{\"@type\":\"ReadAction\",\"target\":[\"https:\\\/\\\/wavemedica.com\\\/pl\\\/bezplatna-konsultacje\\\/\"]}]},{\"@type\":\"BreadcrumbList\",\"@id\":\"https:\\\/\\\/wavemedica.com\\\/pl\\\/bezplatna-konsultacje\\\/#breadcrumb\",\"itemListElement\":[{\"@type\":\"ListItem\",\"position\":1,\"name\":\"Home\",\"item\":\"https:\\\/\\\/wavemedica.com\\\/pl\\\/\"},{\"@type\":\"ListItem\",\"position\":2,\"name\":\"Zarezerwuj bezp\u0142atn\u0105 konsultacj\u0119 | WaveMedica\"}]},{\"@type\":\"WebSite\",\"@id\":\"https:\\\/\\\/wavemedica.com\\\/pl\\\/#website\",\"url\":\"https:\\\/\\\/wavemedica.com\\\/pl\\\/\",\"name\":\"WaveMedica | Hair Transplants Turkey\",\"description\":\"Best hair transplant services in Turkey\",\"publisher\":{\"@id\":\"https:\\\/\\\/wavemedica.com\\\/pl\\\/#organization\"},\"potentialAction\":[{\"@type\":\"SearchAction\",\"target\":{\"@type\":\"EntryPoint\",\"urlTemplate\":\"https:\\\/\\\/wavemedica.com\\\/pl\\\/?s={search_term_string}\"},\"query-input\":{\"@type\":\"PropertyValueSpecification\",\"valueRequired\":true,\"valueName\":\"search_term_string\"}}],\"inLanguage\":\"pl-PL\"},{\"@type\":\"Organization\",\"@id\":\"https:\\\/\\\/wavemedica.com\\\/pl\\\/#organization\",\"name\":\"WaveMedica Hair Transplant Turkey\",\"url\":\"https:\\\/\\\/wavemedica.com\\\/pl\\\/\",\"logo\":{\"@type\":\"ImageObject\",\"inLanguage\":\"pl-PL\",\"@id\":\"https:\\\/\\\/wavemedica.com\\\/pl\\\/#\\\/schema\\\/logo\\\/image\\\/\",\"url\":\"https:\\\/\\\/wavemedica.com\\\/pl\\\/wp-content\\\/uploads\\\/2022\\\/11\\\/WaveMedica-Hair-Transplant-Specialists-logo.png\",\"contentUrl\":\"https:\\\/\\\/wavemedica.com\\\/pl\\\/wp-content\\\/uploads\\\/2022\\\/11\\\/WaveMedica-Hair-Transplant-Specialists-logo.png\",\"width\":5000,\"height\":2708,\"caption\":\"WaveMedica Hair Transplant Turkey\"},\"image\":{\"@id\":\"https:\\\/\\\/wavemedica.com\\\/pl\\\/#\\\/schema\\\/logo\\\/image\\\/\"}}]}<\/script>\n<!-- \/ Yoast SEO plugin. -->","yoast_head_json":{"title":"Zarezerwuj bezp\u0142atn\u0105 konsultacj\u0119 | WaveMedica","description":"Zarezerwuj bezp\u0142atn\u0105 konsultacj\u0119 z jednym z naszych najlepszych konsultant\u00f3w medycznych. Uzyskaj najlepsz\u0105 porad\u0119 i bezp\u0142atn\u0105 ocen\u0119 swoich w\u0142os\u00f3w.","robots":{"index":"index","follow":"follow","max-snippet":"max-snippet:-1","max-image-preview":"max-image-preview:large","max-video-preview":"max-video-preview:-1"},"canonical":"https:\/\/wavemedica.com\/pl\/bezplatna-konsultacje\/","og_locale":"pl_PL","og_type":"article","og_title":"Zarezerwuj bezp\u0142atn\u0105 konsultacj\u0119 | WaveMedica","og_description":"Zarezerwuj bezp\u0142atn\u0105 konsultacj\u0119 z jednym z naszych najlepszych konsultant\u00f3w medycznych. Uzyskaj najlepsz\u0105 porad\u0119 i bezp\u0142atn\u0105 ocen\u0119 swoich w\u0142os\u00f3w.","og_url":"https:\/\/wavemedica.com\/pl\/bezplatna-konsultacje\/","og_site_name":"WaveMedica | Hair Transplants Turkey","article_modified_time":"2024-08-19T15:19:38+00:00","twitter_card":"summary_large_image","twitter_misc":{"Szacowany czas czytania":"1 minuta"},"schema":{"@context":"https:\/\/schema.org","@graph":[{"@type":"WebPage","@id":"https:\/\/wavemedica.com\/pl\/bezplatna-konsultacje\/","url":"https:\/\/wavemedica.com\/pl\/bezplatna-konsultacje\/","name":"Zarezerwuj bezp\u0142atn\u0105 konsultacj\u0119 | WaveMedica","isPartOf":{"@id":"https:\/\/wavemedica.com\/pl\/#website"},"datePublished":"2022-07-01T13:51:20+00:00","dateModified":"2024-08-19T15:19:38+00:00","description":"Zarezerwuj bezp\u0142atn\u0105 konsultacj\u0119 z jednym z naszych najlepszych konsultant\u00f3w medycznych. Uzyskaj najlepsz\u0105 porad\u0119 i bezp\u0142atn\u0105 ocen\u0119 swoich w\u0142os\u00f3w.","breadcrumb":{"@id":"https:\/\/wavemedica.com\/pl\/bezplatna-konsultacje\/#breadcrumb"},"inLanguage":"pl-PL","potentialAction":[{"@type":"ReadAction","target":["https:\/\/wavemedica.com\/pl\/bezplatna-konsultacje\/"]}]},{"@type":"BreadcrumbList","@id":"https:\/\/wavemedica.com\/pl\/bezplatna-konsultacje\/#breadcrumb","itemListElement":[{"@type":"ListItem","position":1,"name":"Home","item":"https:\/\/wavemedica.com\/pl\/"},{"@type":"ListItem","position":2,"name":"Zarezerwuj bezp\u0142atn\u0105 konsultacj\u0119 | WaveMedica"}]},{"@type":"WebSite","@id":"https:\/\/wavemedica.com\/pl\/#website","url":"https:\/\/wavemedica.com\/pl\/","name":"WaveMedica | Hair Transplants Turkey","description":"Best hair transplant services in Turkey","publisher":{"@id":"https:\/\/wavemedica.com\/pl\/#organization"},"potentialAction":[{"@type":"SearchAction","target":{"@type":"EntryPoint","urlTemplate":"https:\/\/wavemedica.com\/pl\/?s={search_term_string}"},"query-input":{"@type":"PropertyValueSpecification","valueRequired":true,"valueName":"search_term_string"}}],"inLanguage":"pl-PL"},{"@type":"Organization","@id":"https:\/\/wavemedica.com\/pl\/#organization","name":"WaveMedica Hair Transplant Turkey","url":"https:\/\/wavemedica.com\/pl\/","logo":{"@type":"ImageObject","inLanguage":"pl-PL","@id":"https:\/\/wavemedica.com\/pl\/#\/schema\/logo\/image\/","url":"https:\/\/wavemedica.com\/pl\/wp-content\/uploads\/2022\/11\/WaveMedica-Hair-Transplant-Specialists-logo.png","contentUrl":"https:\/\/wavemedica.com\/pl\/wp-content\/uploads\/2022\/11\/WaveMedica-Hair-Transplant-Specialists-logo.png","width":5000,"height":2708,"caption":"WaveMedica Hair Transplant Turkey"},"image":{"@id":"https:\/\/wavemedica.com\/pl\/#\/schema\/logo\/image\/"}}]}},"_links":{"self":[{"href":"https:\/\/wavemedica.com\/pl\/wp-json\/wp\/v2\/pages\/1563","targetHints":{"allow":["GET"]}}],"collection":[{"href":"https:\/\/wavemedica.com\/pl\/wp-json\/wp\/v2\/pages"}],"about":[{"href":"https:\/\/wavemedica.com\/pl\/wp-json\/wp\/v2\/types\/page"}],"author":[{"embeddable":true,"href":"https:\/\/wavemedica.com\/pl\/wp-json\/wp\/v2\/users\/2"}],"replies":[{"embeddable":true,"href":"https:\/\/wavemedica.com\/pl\/wp-json\/wp\/v2\/comments?post=1563"}],"version-history":[{"count":43,"href":"https:\/\/wavemedica.com\/pl\/wp-json\/wp\/v2\/pages\/1563\/revisions"}],"predecessor-version":[{"id":5110,"href":"https:\/\/wavemedica.com\/pl\/wp-json\/wp\/v2\/pages\/1563\/revisions\/5110"}],"wp:attachment":[{"href":"https:\/\/wavemedica.com\/pl\/wp-json\/wp\/v2\/media?parent=1563"}],"curies":[{"name":"wp","href":"https:\/\/api.w.org\/{rel}","templated":true}]}}